{"id":2210,"date":"2025-12-08T18:22:12","date_gmt":"2025-12-08T16:22:12","guid":{"rendered":"https:\/\/fotoklub-kamnik.si\/?page_id=2210"},"modified":"2025-12-08T18:22:12","modified_gmt":"2025-12-08T16:22:12","slug":"kupim-ali-prodam","status":"publish","type":"page","link":"https:\/\/fotoklub-kamnik.si\/en\/kupim-ali-prodam\/","title":{"rendered":"Buy or sell"},"content":{"rendered":"<p>Hello,<\/p>\n<p>If you have photographic equipment you would like to sell, or would like something new, you can also let those interested know here.<br \/>\nWhat is the procedure? Simply send a description and up to 3 photos of the product to the club email address fotoklubkamnik@gmail.com and it will be visible here shortly.<br \/>\nOf course, the club does not assume any responsibility for agreements between buyers and sellers and is only an information broker.<\/p>","protected":false},"excerpt":{"rendered":"<p>Pozdravljeni, \u010de imate fotografsko opremo, ki bi jo radi prodali, ali pa ste si za\u017eeleli kaj novega, lahko zainetersirane obvestite tudi tukaj. Kak\u0161en je postopek? Enostavno po\u0161ljite opis in do [&hellip;]<\/p>\n","protected":false},"author":7,"featured_media":0,"parent":0,"menu_order":0,"comment_status":"closed","ping_status":"closed","template":"","meta":{"_exactmetrics_skip_tracking":false,"_exactmetrics_sitenote_active":false,"_exactmetrics_sitenote_note":"","_exactmetrics_sitenote_category":0,"footnotes":""},"class_list":["post-2210","page","type-page","status-publish","czr-hentry"],"_links":{"self":[{"href":"https:\/\/fotoklub-kamnik.si\/en\/wp-json\/wp\/v2\/pages\/2210","targetHints":{"allow":["GET"]}}],"collection":[{"href":"https:\/\/fotoklub-kamnik.si\/en\/wp-json\/wp\/v2\/pages"}],"about":[{"href":"https:\/\/fotoklub-kamnik.si\/en\/wp-json\/wp\/v2\/types\/page"}],"author":[{"embeddable":true,"href":"https:\/\/fotoklub-kamnik.si\/en\/wp-json\/wp\/v2\/users\/7"}],"replies":[{"embeddable":true,"href":"https:\/\/fotoklub-kamnik.si\/en\/wp-json\/wp\/v2\/comments?post=2210"}],"version-history":[{"count":1,"href":"https:\/\/fotoklub-kamnik.si\/en\/wp-json\/wp\/v2\/pages\/2210\/revisions"}],"predecessor-version":[{"id":2211,"href":"https:\/\/fotoklub-kamnik.si\/en\/wp-json\/wp\/v2\/pages\/2210\/revisions\/2211"}],"wp:attachment":[{"href":"https:\/\/fotoklub-kamnik.si\/en\/wp-json\/wp\/v2\/media?parent=2210"}],"curies":[{"name":"wp","href":"https:\/\/api.w.org\/{rel}","templated":true}]}}