{"id":47,"date":"2016-04-30T11:42:07","date_gmt":"2016-04-30T09:42:07","guid":{"rendered":"http:\/\/fotoklub-kamnik.si\/?page_id=47"},"modified":"2025-10-27T18:28:46","modified_gmt":"2025-10-27T16:28:46","slug":"klub","status":"publish","type":"page","link":"https:\/\/fotoklub-kamnik.si\/en\/klub\/","title":{"rendered":"Photo club Kamnik"},"content":{"rendered":"<p><img loading=\"lazy\" decoding=\"async\" class=\"wp-image-2131 alignnone\" src=\"https:\/\/fotoklub-kamnik.si\/wp-content\/uploads\/IMG_0421-scaled.jpg\" alt=\"\" width=\"1240\" height=\"827\" srcset=\"https:\/\/fotoklub-kamnik.si\/wp-content\/uploads\/IMG_0421-scaled.jpg 2560w, https:\/\/fotoklub-kamnik.si\/wp-content\/uploads\/IMG_0421-300x200.jpg 300w, https:\/\/fotoklub-kamnik.si\/wp-content\/uploads\/IMG_0421-1024x683.jpg 1024w, https:\/\/fotoklub-kamnik.si\/wp-content\/uploads\/IMG_0421-1536x1024.jpg 1536w, https:\/\/fotoklub-kamnik.si\/wp-content\/uploads\/IMG_0421-2048x1365.jpg 2048w, https:\/\/fotoklub-kamnik.si\/wp-content\/uploads\/IMG_0421-18x12.jpg 18w, https:\/\/fotoklub-kamnik.si\/wp-content\/uploads\/IMG_0421-570x380.jpg 570w, https:\/\/fotoklub-kamnik.si\/wp-content\/uploads\/IMG_0421-1320x880.jpg 1320w\" sizes=\"auto, (max-width: 1240px) 100vw, 1240px\" \/><\/p>\n<p><em>You can visit us at our premises in <strong>Kamnik Cultural Center<\/strong>, Fu\u017eine 10 (entrance at the back of the building).<\/em><br \/>\n<em>Meetings take place every Wednesday at 8pm.<\/em><\/p>\n<p>&nbsp;<\/p>\n<h2><strong>About the Photo Club<br \/>\n<\/strong><\/h2>\n<p><strong>Photo club Kamnik<\/strong> is a voluntary and non-profit association that deals with digital and analog photography. It was founded in December 2004 on the initiative and desire of some young Kamnik residents - amateur photographers who wanted to fill the void in this field in Kamnik. The club premises - a fully equipped studio, where members&#039; meetings are also held, a darkroom and a cabinet with a library - were arranged in <strong>Kamnik Cultural Center<\/strong>, where we also run a gallery, where domestic and foreign authors have exhibited in recent years. Between 2009 and 2014, we organised the very successful Exposed photography competitions, in which five thousand photographers from all over the world participated in five years. Gallery activity is one of the main activities of the Kamnik Photo Club, and the Kamnik Cultural Centre gallery is the only one in the wider area dedicated solely to photography. Since 2011, we have been collaborating with the Photon Gallery and at the Fotoni\u010dni trenutki festival, where we have exhibited our own works by members and photographs by foreign authors.<\/p>\n<p>Our collaboration with the France Balanti\u010d Kamnik Library is also very successful, which enables us to establish a mobile collection that is entirely thematically dedicated to photography. More than 200 units of book material not only serve members, but also contribute significantly to the spread of knowledge about photography.<\/p>\n<p>Among the club activities, it is worth highlighting the fully equipped studio and darkroom, which are used by members with great benefit. The darkroom allows us to fully immerse our members in digital photography and also to inspire them with the charm of working with the classic analog process. The darkroom, which is available to every member at any time, was the main incentive for those who have only recently become acquainted with analog photography to encounter it. The same applies to the studio, where, with the help of trained members, we ensure that technical knowledge is passed on to less experienced users. There is also space in the office for a digital darkroom, which we will equip with modern computers and software in the near future, or as long as our funds allow.<\/p>\n<p>We also spread knowledge among members through organized lectures, workshops and excursions. Shorter lectures and workshops on a wide variety of topics are prepared either by the members themselves or by inviting established photographers and lecturers. For members, we organized a year-long workshop on authorial photography with Peter Rauch, a lecturer at the College of Services - Department of Photography and the Academy of Fine Arts. Janez Suhadolnik, a long-time photojournalist and photography editor at the Delo newspaper, prepared a portrait photography workshop. We hosted the legend of Slovenian photojournalism, Joco \u017dnidar\u0161i\u010d, etc.<br \/>\nIn addition to galleries in the nearby area, we organize excursions every year during the months of photography in Vienna and Bratislava, and every two years we visit the Biennale of Contemporary Art in Venice.<\/p>\n<p>In addition to spreading knowledge about photography and socializing in the same interest group, the goals of the club are also the promotion of the local community through connecting with various local and photographic societies and related institutions throughout Slovenia and across borders.<br \/>\nIn 2024, we gained the status <em><strong>public interest associations<\/strong><\/em>.<\/p>\n<h2><strong>Equipment<\/strong><\/h2>\n<p>We have a fully equipped studio with several backdrops and studio flashes and related equipment, a fully equipped darkroom with three enlargers and all the necessary chemistry, a library, a gallery, and a scanning and processing room.<\/p>\n<h2><strong>How to become a member<\/strong><\/h2>\n<p>Anyone who wants to learn about photography and participate in club projects can become a member of the club. We invite people who consider photography more than just a hobby and would like to progress in this medium and be recognized as an author. The condition for membership is a completed application form and paid annual membership fee. Club members meet as needed, usually on Wednesdays at 8:00 PM. For more information, contact us at <a href=\"mailto:fotoklubkamnik@gmail.com\">fotoklubkamnik@gmail.com<\/a> or, via the form that appears when you enter the page, sign up to receive news and notifications regarding activities and broader information related to photography and cultural events in this part of the world.<\/p>\n<p>&nbsp;<\/p>\n<p><img loading=\"lazy\" decoding=\"async\" class=\"alignnone wp-image-1427 size-large\" src=\"https:\/\/fotoklub-kamnik.si\/wp-content\/uploads\/FKK-ekipa-2-1024x437.jpg\" alt=\"\" width=\"1024\" height=\"437\" srcset=\"https:\/\/fotoklub-kamnik.si\/wp-content\/uploads\/FKK-ekipa-2-1024x437.jpg 1024w, https:\/\/fotoklub-kamnik.si\/wp-content\/uploads\/FKK-ekipa-2-300x128.jpg 300w, https:\/\/fotoklub-kamnik.si\/wp-content\/uploads\/FKK-ekipa-2-1536x655.jpg 1536w, https:\/\/fotoklub-kamnik.si\/wp-content\/uploads\/FKK-ekipa-2-18x8.jpg 18w, https:\/\/fotoklub-kamnik.si\/wp-content\/uploads\/FKK-ekipa-2-1320x563.jpg 1320w, https:\/\/fotoklub-kamnik.si\/wp-content\/uploads\/FKK-ekipa-2.jpg 1870w\" sizes=\"auto, (max-width: 1024px) 100vw, 1024px\" \/><\/p>\n<p>&nbsp;<\/p>\n<p>&nbsp;<\/p>\n<p><strong>\u00a0<\/strong><\/p>\n<p>&nbsp;<\/p>\n<p><img loading=\"lazy\" decoding=\"async\" class=\"size-medium wp-image-120 alignnone\" src=\"https:\/\/fotoklub-kamnik.si\/wp-content\/uploads\/FKK_logo-300x147.png\" alt=\"FKK_logo\" width=\"300\" height=\"147\" srcset=\"https:\/\/fotoklub-kamnik.si\/wp-content\/uploads\/FKK_logo-300x147.png 300w, https:\/\/fotoklub-kamnik.si\/wp-content\/uploads\/FKK_logo-1024x502.png 1024w, https:\/\/fotoklub-kamnik.si\/wp-content\/uploads\/FKK_logo.png 1767w\" sizes=\"auto, (max-width: 300px) 100vw, 300px\" \/><\/p>\n<p>&nbsp;<\/p>\n<p><strong>Photo club Kamnik<\/strong><br \/>\nMenge\u0161ka pot 5 (pp 35)<br \/>\n1241 Kamnik<\/p>\n<p><strong>Email:<\/strong> fotoklubkamnik@gmail.com<br \/>\n<strong>Phones:<\/strong> Toma\u017e Ber\u010di\u010d 041 690 988, Polona Smolnikar: 040 733 859, Ana Stanovnik Per\u010di\u010d: 041 381 602, Ale\u0161 Seno\u017eetnik: 031 358 250<\/p>\n<p><strong>Registration number of the association:<\/strong> 1915282<br \/>\n<strong>Tax number:<\/strong> 95721436<\/p>\n<p>\u2014\u2014\u2014\u2014\u2014\u2014\u2014\u2014\u2014\u2014\u2014\u2014\u2014\u2014\u2014\u2014\u2014\u2014\u2014<\/p>\n<h3><strong>Current organizational team:<\/strong><\/h3>\n<p><strong>President of the association: <\/strong>Tomaz Bercic<br \/>\n<strong>Vice President of the Society: <\/strong>Klara Ravnikar<br \/>\n<strong>Dungeon boss and treasurer: <\/strong>Du\u0161an Letnar<br \/>\n<strong>Library: <\/strong>Gregor Novak<br \/>\n<strong>Gallery administrator:<\/strong> Marjan Drolc<br \/>\n<strong>Art world: <\/strong>Simon Podgorsek, Ales Senozetnik, Dusan Letnar, Tomaz Bercic<\/p>\n<p>\u2014\u2014\u2013<\/p>\n<p><a href=\"https:\/\/www.facebook.com\/fkkamnik\/\" target=\"_blank\" rel=\"noopener noreferrer\"><img loading=\"lazy\" decoding=\"async\" class=\"size-full wp-image-87 alignleft\" src=\"https:\/\/fotoklub-kamnik.si\/wp-content\/uploads\/fb_icon.png\" alt=\"fb_icon\" width=\"48\" height=\"48\" \/><\/a><\/p>\n<p><a href=\"https:\/\/www.instagram.com\/fkk_kamnik\/\" target=\"_blank\" rel=\"noopener\"><img loading=\"lazy\" decoding=\"async\" class=\"wp-image-945 alignleft\" src=\"https:\/\/fotoklub-kamnik.si\/wp-content\/uploads\/1-13187_instagram-logo-new-vector-eps-free-download-logo-300x300.png\" alt=\"\" width=\"48\" height=\"48\" srcset=\"https:\/\/fotoklub-kamnik.si\/wp-content\/uploads\/1-13187_instagram-logo-new-vector-eps-free-download-logo-300x300.png 300w, https:\/\/fotoklub-kamnik.si\/wp-content\/uploads\/1-13187_instagram-logo-new-vector-eps-free-download-logo-1024x1022.png 1024w, https:\/\/fotoklub-kamnik.si\/wp-content\/uploads\/1-13187_instagram-logo-new-vector-eps-free-download-logo-150x150.png 150w, https:\/\/fotoklub-kamnik.si\/wp-content\/uploads\/1-13187_instagram-logo-new-vector-eps-free-download-logo-1536x1533.png 1536w, https:\/\/fotoklub-kamnik.si\/wp-content\/uploads\/1-13187_instagram-logo-new-vector-eps-free-download-logo-2048x2044.png 2048w, https:\/\/fotoklub-kamnik.si\/wp-content\/uploads\/1-13187_instagram-logo-new-vector-eps-free-download-logo-60x60.png 60w\" sizes=\"auto, (max-width: 48px) 100vw, 48px\" \/><\/a><\/p>\n<p><a href=\"https:\/\/www.linkedin.com\/company\/foto-klub-kamnik\" target=\"_blank\" rel=\"noopener\"><img loading=\"lazy\" decoding=\"async\" class=\"wp-image-948 alignleft\" src=\"https:\/\/fotoklub-kamnik.si\/wp-content\/uploads\/logo-linkedin-icon-4096-300x300.png\" alt=\"linkedin logo\" width=\"52\" height=\"52\" srcset=\"https:\/\/fotoklub-kamnik.si\/wp-content\/uploads\/logo-linkedin-icon-4096-300x300.png 300w, https:\/\/fotoklub-kamnik.si\/wp-content\/uploads\/logo-linkedin-icon-4096-1024x1024.png 1024w, https:\/\/fotoklub-kamnik.si\/wp-content\/uploads\/logo-linkedin-icon-4096-150x150.png 150w, https:\/\/fotoklub-kamnik.si\/wp-content\/uploads\/logo-linkedin-icon-4096-1536x1536.png 1536w, https:\/\/fotoklub-kamnik.si\/wp-content\/uploads\/logo-linkedin-icon-4096-2048x2048.png 2048w, https:\/\/fotoklub-kamnik.si\/wp-content\/uploads\/logo-linkedin-icon-4096-60x60.png 60w\" sizes=\"auto, (max-width: 52px) 100vw, 52px\" \/><\/a><\/p>\n<p>&nbsp;<\/p>\n<p>&nbsp;<\/p>\n<p>&nbsp;<\/p>\n<p><em><strong>Our current partners and sponsors:<\/strong><\/em><\/p>\n<p style=\"text-align: left;\"><a href=\"https:\/\/www.kamnik.si\/\" target=\"_blank\" rel=\"noopener noreferrer\"><strong>Municipality of Kamnik<\/strong><\/a><\/p>\n<p style=\"text-align: left;\"><a href=\"https:\/\/www.kamnik.si\/\" target=\"_blank\" rel=\"noopener\"><img loading=\"lazy\" decoding=\"async\" class=\"alignnone wp-image-100 size-full\" src=\"https:\/\/fotoklub-kamnik.si\/wp-content\/uploads\/ObcinaKamnik.jpg\" alt=\"ObcinaKamnik\" width=\"84\" height=\"90\" \/><\/a><\/p>\n<p style=\"text-align: left;\"><a href=\"http:\/\/www.domkulture.org\/slo\/\" target=\"_blank\" rel=\"noopener noreferrer\"><strong>DKK \u2013 House of Culture Kamnik<\/strong><\/a><\/p>\n<p style=\"text-align: left;\"><a href=\"http:\/\/www.domkulture.org\/slo\/\" target=\"_blank\" rel=\"noopener\"><img loading=\"lazy\" decoding=\"async\" class=\"alignnone wp-image-104 size-full\" src=\"https:\/\/fotoklub-kamnik.si\/wp-content\/uploads\/DKK.jpg\" alt=\"DKK\" width=\"87\" height=\"100\" \/><\/a><\/p>\n<p style=\"text-align: left;\"><a href=\"https:\/\/www.jskd.si\/\" target=\"_blank\" rel=\"noopener noreferrer\"><strong>JSKD \u2013 Public Fund of the Republic of Slovenia for Cultural Activities<\/strong><\/a><\/p>\n<p style=\"text-align: left;\"><img loading=\"lazy\" decoding=\"async\" class=\"alignnone wp-image-2132\" src=\"https:\/\/fotoklub-kamnik.si\/wp-content\/uploads\/logo_jskd.jpg\" alt=\"\" width=\"176\" height=\"140\" srcset=\"https:\/\/fotoklub-kamnik.si\/wp-content\/uploads\/logo_jskd.jpg 200w, https:\/\/fotoklub-kamnik.si\/wp-content\/uploads\/logo_jskd-15x12.jpg 15w\" sizes=\"auto, (max-width: 176px) 100vw, 176px\" \/><\/p>\n<p style=\"text-align: left;\"><a href=\"https:\/\/www.photon.si\/\" target=\"_blank\" rel=\"noopener noreferrer\"><strong>Photon - Center for contemporary photography<\/strong><\/a><\/p>\n<p style=\"text-align: left;\"><a href=\"https:\/\/www.photon.si\/\" target=\"_blank\" rel=\"noopener\"><img loading=\"lazy\" decoding=\"async\" class=\"alignnone wp-image-106 size-full\" src=\"https:\/\/fotoklub-kamnik.si\/wp-content\/uploads\/photon_.jpg\" alt=\"photon_\" width=\"100\" height=\"63\" \/><\/a><\/p>\n<p><strong><a href=\"https:\/\/www.kotlovnica.si\/\" target=\"_blank\" rel=\"noopener\">Youth Center Kotlovnica<\/a><\/strong><\/p>\n<p><img loading=\"lazy\" decoding=\"async\" class=\"wp-image-2133  alignnone\" src=\"https:\/\/fotoklub-kamnik.si\/wp-content\/uploads\/mc_kotlovnica_logotip_2024_color.svg\" alt=\"\" width=\"225\" height=\"44\" \/><\/p>\n<p>&nbsp;<\/p>\n<p style=\"text-align: left;\"><a href=\"https:\/\/www.kamnik-tourism.si\/\" target=\"_blank\" rel=\"noopener noreferrer\"><strong>TIC \u2013 Tourist Center Kamnik<\/strong><\/a><\/p>\n<p style=\"text-align: left;\"><a href=\"https:\/\/www.kamnik-tourism.si\/\" target=\"_blank\" rel=\"noopener\"><img loading=\"lazy\" decoding=\"async\" class=\"alignnone wp-image-101 size-full\" src=\"https:\/\/fotoklub-kamnik.si\/wp-content\/uploads\/TicKamnik.jpg\" alt=\"TicKamnik\" width=\"100\" height=\"61\" \/><\/a>\u00a0 \u00a0 \u00a0\u00a0<a href=\"https:\/\/www.kamnik-tourism.si\/index.php\/okusi-kamnika\/\" target=\"_blank\" rel=\"noopener\"><img loading=\"lazy\" decoding=\"async\" class=\"alignnone wp-image-102 size-full\" src=\"https:\/\/fotoklub-kamnik.si\/wp-content\/uploads\/okusi_kamnika.jpg\" alt=\"okusi_kamnika\" width=\"75\" height=\"90\" \/><\/a><\/p>\n<p style=\"text-align: left;\"><a href=\"http:\/\/jocopy.si\/\" target=\"_blank\" rel=\"noopener\"><strong>Photocopier<\/strong> Jocopy\u00a0<\/a><\/p>\n<p style=\"text-align: left;\"><a href=\"http:\/\/jocopy.si\/\" target=\"_blank\" rel=\"noopener\"><img loading=\"lazy\" decoding=\"async\" class=\"wp-image-791 alignnone\" src=\"https:\/\/fotoklub-kamnik.si\/wp-content\/uploads\/jocm-300x224.jpg\" alt=\"\" width=\"236\" height=\"149\" \/><\/a><\/p>\n<p style=\"text-align: left;\"><strong><a href=\"https:\/\/www.facebook.com\/caferacerkavarnicakamnik\/\" target=\"_blank\" rel=\"noopener\">Cafe on Main Square<\/a><\/strong><\/p>\n<p style=\"text-align: left;\"><a href=\"https:\/\/www.facebook.com\/caferacerkavarnicakamnik\/\" target=\"_blank\" rel=\"noopener\"><img loading=\"lazy\" decoding=\"async\" class=\"wp-image-792 alignnone\" src=\"https:\/\/fotoklub-kamnik.si\/wp-content\/uploads\/jodl-222x300.jpg\" alt=\"\" width=\"167\" height=\"225\" srcset=\"https:\/\/fotoklub-kamnik.si\/wp-content\/uploads\/jodl-222x300.jpg 222w, https:\/\/fotoklub-kamnik.si\/wp-content\/uploads\/jodl.jpg 355w\" sizes=\"auto, (max-width: 167px) 100vw, 167px\" \/><\/a><\/p>\n<p style=\"text-align: left;\"><a href=\"https:\/\/www.podskalo.si\/\" target=\"_blank\" rel=\"noopener noreferrer\"><strong>B&amp;B, Hostel and Pub Pod Skalo<\/strong><\/a><\/p>\n<p style=\"text-align: left;\"><a href=\"https:\/\/www.podskalo.si\/\" target=\"_blank\" rel=\"noopener\"><img loading=\"lazy\" decoding=\"async\" class=\"alignnone wp-image-103 size-full\" src=\"https:\/\/fotoklub-kamnik.si\/wp-content\/uploads\/pod_skalo.jpg\" alt=\"pod_skalo\" width=\"125\" height=\"58\" \/><\/a><\/p>\n<p style=\"text-align: left;\"><a href=\"https:\/\/www.pridenmozic.si\/slo\/\" target=\"_blank\" rel=\"noopener noreferrer\"><strong>KDPM \u2013 Cultural Society Priden Mo\u017eic<\/strong><\/a><\/p>\n<p style=\"text-align: left;\"><a href=\"https:\/\/www.pridenmozic.si\/slo\/\" target=\"_blank\" rel=\"noopener\"><img loading=\"lazy\" decoding=\"async\" class=\"wp-image-105 size-full alignnone\" src=\"https:\/\/fotoklub-kamnik.si\/wp-content\/uploads\/KDPM.jpg\" alt=\"KDPM\" width=\"180\" height=\"66\" \/><\/a><\/p>\n<p>&nbsp;<\/p>\n<p style=\"text-align: left;\"><strong><a href=\"https:\/\/tiskarnaelement.si\/\" target=\"_blank\" rel=\"noopener\">ELEMENT Printing House<\/a><br \/>\n<a href=\"https:\/\/fotoklub-kamnik.si\/wp-content\/uploads\/Tiskarna_Element_logotip.svg\"><img loading=\"lazy\" decoding=\"async\" class=\"alignleft wp-image-1993\" src=\"https:\/\/fotoklub-kamnik.si\/wp-content\/uploads\/Tiskarna_Element_logotip.svg\" alt=\"\" width=\"226\" height=\"85\" \/><\/a><br \/>\n<\/strong><\/p>\n<p style=\"text-align: left;\"><a href=\"https:\/\/www.photonicmoments.net\/\" target=\"_blank\" rel=\"noopener\">\u00a0<\/a><\/p>","protected":false},"excerpt":{"rendered":"<p>Obi\u0161\u010dete nas lahko v na\u0161ih prostorih v Domu kulture Kamnik, Fu\u017eine 10 (vhod na zadnji strani stavbe). Sestanki potekajo vsako sredo ob 20h. &nbsp; O Foto klubu Foto klub Kamnik [&hellip;]<\/p>\n","protected":false},"author":2,"featured_media":0,"parent":0,"menu_order":0,"comment_status":"closed","ping_status":"closed","template":"","meta":{"_exactmetrics_skip_tracking":false,"_exactmetrics_sitenote_active":false,"_exactmetrics_sitenote_note":"","_exactmetrics_sitenote_category":0,"footnotes":""},"class_list":["post-47","page","type-page","status-publish","czr-hentry"],"_links":{"self":[{"href":"https:\/\/fotoklub-kamnik.si\/en\/wp-json\/wp\/v2\/pages\/47","targetHints":{"allow":["GET"]}}],"collection":[{"href":"https:\/\/fotoklub-kamnik.si\/en\/wp-json\/wp\/v2\/pages"}],"about":[{"href":"https:\/\/fotoklub-kamnik.si\/en\/wp-json\/wp\/v2\/types\/page"}],"author":[{"embeddable":true,"href":"https:\/\/fotoklub-kamnik.si\/en\/wp-json\/wp\/v2\/users\/2"}],"replies":[{"embeddable":true,"href":"https:\/\/fotoklub-kamnik.si\/en\/wp-json\/wp\/v2\/comments?post=47"}],"version-history":[{"count":10,"href":"https:\/\/fotoklub-kamnik.si\/en\/wp-json\/wp\/v2\/pages\/47\/revisions"}],"predecessor-version":[{"id":2134,"href":"https:\/\/fotoklub-kamnik.si\/en\/wp-json\/wp\/v2\/pages\/47\/revisions\/2134"}],"wp:attachment":[{"href":"https:\/\/fotoklub-kamnik.si\/en\/wp-json\/wp\/v2\/media?parent=47"}],"curies":[{"name":"wp","href":"https:\/\/api.w.org\/{rel}","templated":true}]}}