{"id":932,"date":"2023-08-09T18:09:08","date_gmt":"2023-08-09T16:09:08","guid":{"rendered":"https:\/\/fotoklub-kamnik.si\/?page_id=932"},"modified":"2024-08-14T20:53:11","modified_gmt":"2024-08-14T18:53:11","slug":"galerija-foto-kluba-kamnik","status":"publish","type":"page","link":"https:\/\/fotoklub-kamnik.si\/en\/galerija-foto-kluba-kamnik\/","title":{"rendered":"Renovation of the club gallery"},"content":{"rendered":"<p>Fotoklub Kamnik has renovated premises where we can create more successfully. The space is intended for meetings and weekly meetings. With the combined strength of the members and the help of friends and donors, we managed to completely renovate the space and give it a new look. The organization of club exhibitions thus gained a new impetus and operates at a higher level. During open days and openings, the exhibitions in the renovated gallery are also open to the general public. You are welcome!<\/p>\n<p>&nbsp;<\/p>\n<p>Arrangement proposal<\/p>\n<figure id=\"attachment_933\" aria-describedby=\"caption-attachment-933\" style=\"width: 1024px\" class=\"wp-caption alignnone\"><img loading=\"lazy\" decoding=\"async\" class=\"wp-image-933 size-large\" src=\"https:\/\/fotoklub-kamnik.si\/wp-content\/uploads\/studio-zastrto-razstava-1024x471.jpg\" alt=\"Razstavni prostor, zastrt, kot si ga je zamislil Robert Novak.\" width=\"1024\" height=\"471\" srcset=\"https:\/\/fotoklub-kamnik.si\/wp-content\/uploads\/studio-zastrto-razstava-1024x471.jpg 1024w, https:\/\/fotoklub-kamnik.si\/wp-content\/uploads\/studio-zastrto-razstava-300x138.jpg 300w, https:\/\/fotoklub-kamnik.si\/wp-content\/uploads\/studio-zastrto-razstava-1536x706.jpg 1536w, https:\/\/fotoklub-kamnik.si\/wp-content\/uploads\/studio-zastrto-razstava-2048x941.jpg 2048w\" sizes=\"auto, (max-width: 1024px) 100vw, 1024px\" \/><figcaption id=\"caption-attachment-933\" class=\"wp-caption-text\">Arrangement proposal - partially covered walls (author: R. Novak)<\/figcaption><\/figure>\n<p>&nbsp;<\/p>\n<figure id=\"attachment_934\" aria-describedby=\"caption-attachment-934\" style=\"width: 1024px\" class=\"wp-caption alignnone\"><img loading=\"lazy\" decoding=\"async\" class=\"wp-image-934 size-large\" src=\"https:\/\/fotoklub-kamnik.si\/wp-content\/uploads\/studio-odstrto-1-1024x470.jpg\" alt=\"Razstavni prostor, delno odprt, kot si ga je zamislil Robert Novak.\" width=\"1024\" height=\"470\" srcset=\"https:\/\/fotoklub-kamnik.si\/wp-content\/uploads\/studio-odstrto-1-1024x470.jpg 1024w, https:\/\/fotoklub-kamnik.si\/wp-content\/uploads\/studio-odstrto-1-300x138.jpg 300w, https:\/\/fotoklub-kamnik.si\/wp-content\/uploads\/studio-odstrto-1-1536x706.jpg 1536w, https:\/\/fotoklub-kamnik.si\/wp-content\/uploads\/studio-odstrto-1-2048x941.jpg 2048w\" sizes=\"auto, (max-width: 1024px) 100vw, 1024px\" \/><figcaption id=\"caption-attachment-934\" class=\"wp-caption-text\">Arrangement proposal - partially open wall (author: R. Novak)<\/figcaption><\/figure>\n<p>&nbsp;<\/p>","protected":false},"excerpt":{"rendered":"<p>Fotoklub Kamnik ima na voljo prenovljene prostore, kjer lahko uspe\u0161neje ustvarjamo. Prostor je namenjen sre\u010danjem in tedenskim sestankom. Z zdru\u017eenimi \u010dlanskimi mo\u010dmi in pomo\u010djo prijateljev ter donatorjev smo namre\u010d uspeli [&hellip;]<\/p>\n","protected":false},"author":6,"featured_media":935,"parent":0,"menu_order":0,"comment_status":"closed","ping_status":"closed","template":"","meta":{"_exactmetrics_skip_tracking":false,"_exactmetrics_sitenote_active":false,"_exactmetrics_sitenote_note":"","_exactmetrics_sitenote_category":0,"footnotes":""},"class_list":["post-932","page","type-page","status-publish","has-post-thumbnail","czr-hentry"],"_links":{"self":[{"href":"https:\/\/fotoklub-kamnik.si\/en\/wp-json\/wp\/v2\/pages\/932","targetHints":{"allow":["GET"]}}],"collection":[{"href":"https:\/\/fotoklub-kamnik.si\/en\/wp-json\/wp\/v2\/pages"}],"about":[{"href":"https:\/\/fotoklub-kamnik.si\/en\/wp-json\/wp\/v2\/types\/page"}],"author":[{"embeddable":true,"href":"https:\/\/fotoklub-kamnik.si\/en\/wp-json\/wp\/v2\/users\/6"}],"replies":[{"embeddable":true,"href":"https:\/\/fotoklub-kamnik.si\/en\/wp-json\/wp\/v2\/comments?post=932"}],"version-history":[{"count":2,"href":"https:\/\/fotoklub-kamnik.si\/en\/wp-json\/wp\/v2\/pages\/932\/revisions"}],"predecessor-version":[{"id":1313,"href":"https:\/\/fotoklub-kamnik.si\/en\/wp-json\/wp\/v2\/pages\/932\/revisions\/1313"}],"wp:featuredmedia":[{"embeddable":true,"href":"https:\/\/fotoklub-kamnik.si\/en\/wp-json\/wp\/v2\/media\/935"}],"wp:attachment":[{"href":"https:\/\/fotoklub-kamnik.si\/en\/wp-json\/wp\/v2\/media?parent=932"}],"curies":[{"name":"wp","href":"https:\/\/api.w.org\/{rel}","templated":true}]}}